{"id":10,"date":"2026-03-20T15:20:24","date_gmt":"2026-03-20T15:20:24","guid":{"rendered":"https:\/\/hermanossanchez.rkinformatika.online\/?page_id=10"},"modified":"2026-03-30T09:54:30","modified_gmt":"2026-03-30T09:54:30","slug":"inicio","status":"publish","type":"page","link":"https:\/\/frutasyhortalizas.es\/eu\/","title":{"rendered":"Hasiera"},"content":{"rendered":"<div data-elementor-type=\"wp-page\" data-elementor-id=\"10\" class=\"elementor elementor-10\" data-elementor-post-type=\"page\">\n\t\t\t\t<div class=\"elementor-element elementor-element-94eb803 e-con-full e-flex e-con e-parent\" data-id=\"94eb803\" data-element_type=\"container\" data-e-type=\"container\" data-settings=\"{&quot;background_background&quot;:&quot;classic&quot;}\">\n\t\t\t\t<\/div>\n\t\t<div class=\"elementor-element elementor-element-8d54868 e-flex e-con-boxed e-con e-parent\" data-id=\"8d54868\" data-element_type=\"container\" data-e-type=\"container\" data-settings=\"{&quot;background_background&quot;:&quot;classic&quot;}\">\n\t\t\t\t\t<div class=\"e-con-inner\">\n\t\t<div class=\"elementor-element elementor-element-f755f89 e-con-full e-flex e-con e-child\" data-id=\"f755f89\" data-element_type=\"container\" data-e-type=\"container\" data-settings=\"{&quot;background_background&quot;:&quot;classic&quot;}\">\n\t\t\t\t<div class=\"elementor-element elementor-element-b42a086 elementor-invisible elementor-widget elementor-widget-heading\" data-id=\"b42a086\" data-element_type=\"widget\" data-e-type=\"widget\" data-settings=\"{&quot;_animation&quot;:&quot;fadeInLeft&quot;}\" data-widget_type=\"heading.default\">\n\t\t\t\t\t<h2 class=\"elementor-heading-title elementor-size-default\">Guri buruz<\/h2>\t\t\t\t<\/div>\n\t\t\t\t<div class=\"elementor-element elementor-element-a66e140 animated-slow elementor-invisible elementor-widget elementor-widget-text-editor\" data-id=\"a66e140\" data-element_type=\"widget\" data-e-type=\"widget\" data-settings=\"{&quot;_animation&quot;:&quot;fadeInLeft&quot;}\" data-widget_type=\"text-editor.default\">\n\t\t\t\t\t\t\t\t\t<p data-start=\"20\" data-end=\"351\">Basauriko Mercabilbaon zuzenean hautatutako taberna eta jatetxeetarako produktu freskoak hornitzen dituen enpresa bat gara. Egunero lan egiten dugu zerbitzuaren kalitatea, hurbiltasuna eta azkartasuna bermatzeko, eta bereziki zaintzen dugu gure produktuen hautaketa, jatorritik entregatzen diren arte.<\/p>\t\t\t\t\t\t\t\t<\/div>\n\t\t\t\t<\/div>\n\t\t<div class=\"elementor-element elementor-element-1809dec e-con-full e-flex elementor-invisible e-con e-child\" data-id=\"1809dec\" data-element_type=\"container\" data-e-type=\"container\" data-settings=\"{&quot;animation&quot;:&quot;fadeInRight&quot;}\">\n\t\t\t\t<div class=\"elementor-element elementor-element-b9c0d2f elementor-widget elementor-widget-image\" data-id=\"b9c0d2f\" data-element_type=\"widget\" data-e-type=\"widget\" data-widget_type=\"image.default\">\n\t\t\t\t\t\t\t\t\t\t\t\t\t\t\t<img fetchpriority=\"high\" decoding=\"async\" width=\"2048\" height=\"1536\" src=\"https:\/\/frutasyhortalizas.es\/wp-content\/uploads\/2026\/03\/122.jpeg\" class=\"attachment-full size-full wp-image-255\" alt=\"\" srcset=\"https:\/\/frutasyhortalizas.es\/wp-content\/uploads\/2026\/03\/122.jpeg 2048w, https:\/\/frutasyhortalizas.es\/wp-content\/uploads\/2026\/03\/122-300x225.jpeg 300w, https:\/\/frutasyhortalizas.es\/wp-content\/uploads\/2026\/03\/122-1024x768.jpeg 1024w, https:\/\/frutasyhortalizas.es\/wp-content\/uploads\/2026\/03\/122-768x576.jpeg 768w, https:\/\/frutasyhortalizas.es\/wp-content\/uploads\/2026\/03\/122-1536x1152.jpeg 1536w, https:\/\/frutasyhortalizas.es\/wp-content\/uploads\/2026\/03\/122-16x12.jpeg 16w\" sizes=\"(max-width: 2048px) 100vw, 2048px\" \/>\t\t\t\t\t\t\t\t\t\t\t\t\t\t\t<\/div>\n\t\t\t\t<\/div>\n\t\t\t\t\t<\/div>\n\t\t\t\t<\/div>\n\t\t<div class=\"elementor-element elementor-element-51fa512 e-flex e-con-boxed e-con e-parent\" data-id=\"51fa512\" data-element_type=\"container\" data-e-type=\"container\">\n\t\t\t\t\t<div class=\"e-con-inner\">\n\t\t\t\t<div class=\"elementor-element elementor-element-15bd0a3 elementor-invisible elementor-widget elementor-widget-heading\" data-id=\"15bd0a3\" data-element_type=\"widget\" data-e-type=\"widget\" data-settings=\"{&quot;_animation&quot;:&quot;fadeInUp&quot;}\" data-widget_type=\"heading.default\">\n\t\t\t\t\t<h2 class=\"elementor-heading-title elementor-size-default\">Merkatutik zure mahaira, kalitaterik onenarekin.<\/h2>\t\t\t\t<\/div>\n\t\t\t\t\t<\/div>\n\t\t\t\t<\/div>\n\t\t<div class=\"elementor-element elementor-element-226d33b e-flex e-con-boxed e-con e-parent\" data-id=\"226d33b\" data-element_type=\"container\" data-e-type=\"container\">\n\t\t\t\t\t<div class=\"e-con-inner\">\n\t\t\t\t<div class=\"elementor-element elementor-element-d309a8d elementor-widget elementor-widget-gallery\" data-id=\"d309a8d\" data-element_type=\"widget\" data-e-type=\"widget\" data-settings=\"{&quot;columns_tablet&quot;:4,&quot;columns_mobile&quot;:2,&quot;lazyload&quot;:&quot;yes&quot;,&quot;gallery_layout&quot;:&quot;grid&quot;,&quot;columns&quot;:4,&quot;gap&quot;:{&quot;unit&quot;:&quot;px&quot;,&quot;size&quot;:10,&quot;sizes&quot;:[]},&quot;gap_tablet&quot;:{&quot;unit&quot;:&quot;px&quot;,&quot;size&quot;:10,&quot;sizes&quot;:[]},&quot;gap_mobile&quot;:{&quot;unit&quot;:&quot;px&quot;,&quot;size&quot;:10,&quot;sizes&quot;:[]},&quot;link_to&quot;:&quot;file&quot;,&quot;aspect_ratio&quot;:&quot;3:2&quot;,&quot;overlay_background&quot;:&quot;yes&quot;,&quot;content_hover_animation&quot;:&quot;fade-in&quot;}\" data-widget_type=\"gallery.default\">\n\t\t\t\t\t\t\t<div class=\"elementor-gallery__container\">\n\t\t\t\t\t\t\t<a class=\"e-gallery-item elementor-gallery-item elementor-animated-content\" href=\"https:\/\/frutasyhortalizas.es\/wp-content\/uploads\/2026\/03\/121-scaled.jpg\" data-elementor-open-lightbox=\"yes\" data-elementor-lightbox-slideshow=\"d309a8d\" data-elementor-lightbox-title=\"121\" data-e-action-hash=\"#elementor-action%3Aaction%3Dlightbox%26settings%3DeyJpZCI6MjU0LCJ1cmwiOiJodHRwczpcL1wvZnJ1dGFzeWhvcnRhbGl6YXMuZXNcL3dwLWNvbnRlbnRcL3VwbG9hZHNcLzIwMjZcLzAzXC8xMjEtc2NhbGVkLmpwZyIsInNsaWRlc2hvdyI6ImQzMDlhOGQifQ%3D%3D\">\n\t\t\t\t\t<div class=\"e-gallery-image elementor-gallery-item__image\" data-thumbnail=\"https:\/\/frutasyhortalizas.es\/wp-content\/uploads\/2026\/03\/121-scaled.jpg\" data-width=\"2560\" data-height=\"1920\" aria-label=\"\" role=\"img\" ><\/div>\n\t\t\t\t\t\t\t\t\t\t\t<div class=\"elementor-gallery-item__overlay\"><\/div>\n\t\t\t\t\t\t\t\t\t\t\t\t\t\t<\/a>\n\t\t\t\t\t\t\t<a class=\"e-gallery-item elementor-gallery-item elementor-animated-content\" href=\"https:\/\/frutasyhortalizas.es\/wp-content\/uploads\/2026\/03\/122.jpeg\" data-elementor-open-lightbox=\"yes\" data-elementor-lightbox-slideshow=\"d309a8d\" data-elementor-lightbox-title=\"122\" data-e-action-hash=\"#elementor-action%3Aaction%3Dlightbox%26settings%3DeyJpZCI6MjU1LCJ1cmwiOiJodHRwczpcL1wvZnJ1dGFzeWhvcnRhbGl6YXMuZXNcL3dwLWNvbnRlbnRcL3VwbG9hZHNcLzIwMjZcLzAzXC8xMjIuanBlZyIsInNsaWRlc2hvdyI6ImQzMDlhOGQifQ%3D%3D\">\n\t\t\t\t\t<div class=\"e-gallery-image elementor-gallery-item__image\" data-thumbnail=\"https:\/\/frutasyhortalizas.es\/wp-content\/uploads\/2026\/03\/122.jpeg\" data-width=\"2048\" data-height=\"1536\" aria-label=\"\" role=\"img\" ><\/div>\n\t\t\t\t\t\t\t\t\t\t\t<div class=\"elementor-gallery-item__overlay\"><\/div>\n\t\t\t\t\t\t\t\t\t\t\t\t\t\t<\/a>\n\t\t\t\t\t\t\t<a class=\"e-gallery-item elementor-gallery-item elementor-animated-content\" href=\"https:\/\/frutasyhortalizas.es\/wp-content\/uploads\/2026\/03\/123-1-scaled.jpg\" data-elementor-open-lightbox=\"yes\" data-elementor-lightbox-slideshow=\"d309a8d\" data-elementor-lightbox-title=\"123\" data-e-action-hash=\"#elementor-action%3Aaction%3Dlightbox%26settings%3DeyJpZCI6MjU2LCJ1cmwiOiJodHRwczpcL1wvZnJ1dGFzeWhvcnRhbGl6YXMuZXNcL3dwLWNvbnRlbnRcL3VwbG9hZHNcLzIwMjZcLzAzXC8xMjMtMS1zY2FsZWQuanBnIiwic2xpZGVzaG93IjoiZDMwOWE4ZCJ9\">\n\t\t\t\t\t<div class=\"e-gallery-image elementor-gallery-item__image\" data-thumbnail=\"https:\/\/frutasyhortalizas.es\/wp-content\/uploads\/2026\/03\/123-1-scaled.jpg\" data-width=\"2560\" data-height=\"1920\" aria-label=\"\" role=\"img\" ><\/div>\n\t\t\t\t\t\t\t\t\t\t\t<div class=\"elementor-gallery-item__overlay\"><\/div>\n\t\t\t\t\t\t\t\t\t\t\t\t\t\t<\/a>\n\t\t\t\t\t\t\t<a class=\"e-gallery-item elementor-gallery-item elementor-animated-content\" href=\"https:\/\/frutasyhortalizas.es\/wp-content\/uploads\/2026\/03\/125.jpeg\" data-elementor-open-lightbox=\"yes\" data-elementor-lightbox-slideshow=\"d309a8d\" data-elementor-lightbox-title=\"125\" data-e-action-hash=\"#elementor-action%3Aaction%3Dlightbox%26settings%3DeyJpZCI6MjU4LCJ1cmwiOiJodHRwczpcL1wvZnJ1dGFzeWhvcnRhbGl6YXMuZXNcL3dwLWNvbnRlbnRcL3VwbG9hZHNcLzIwMjZcLzAzXC8xMjUuanBlZyIsInNsaWRlc2hvdyI6ImQzMDlhOGQifQ%3D%3D\">\n\t\t\t\t\t<div class=\"e-gallery-image elementor-gallery-item__image\" data-thumbnail=\"https:\/\/frutasyhortalizas.es\/wp-content\/uploads\/2026\/03\/125.jpeg\" data-width=\"2000\" data-height=\"1500\" aria-label=\"\" role=\"img\" ><\/div>\n\t\t\t\t\t\t\t\t\t\t\t<div class=\"elementor-gallery-item__overlay\"><\/div>\n\t\t\t\t\t\t\t\t\t\t\t\t\t\t<\/a>\n\t\t\t\t\t\t\t<a class=\"e-gallery-item elementor-gallery-item elementor-animated-content\" href=\"https:\/\/frutasyhortalizas.es\/wp-content\/uploads\/2026\/03\/126.jpeg\" data-elementor-open-lightbox=\"yes\" data-elementor-lightbox-slideshow=\"d309a8d\" data-elementor-lightbox-title=\"126\" data-e-action-hash=\"#elementor-action%3Aaction%3Dlightbox%26settings%3DeyJpZCI6MjU5LCJ1cmwiOiJodHRwczpcL1wvZnJ1dGFzeWhvcnRhbGl6YXMuZXNcL3dwLWNvbnRlbnRcL3VwbG9hZHNcLzIwMjZcLzAzXC8xMjYuanBlZyIsInNsaWRlc2hvdyI6ImQzMDlhOGQifQ%3D%3D\">\n\t\t\t\t\t<div class=\"e-gallery-image elementor-gallery-item__image\" data-thumbnail=\"https:\/\/frutasyhortalizas.es\/wp-content\/uploads\/2026\/03\/126.jpeg\" data-width=\"1500\" data-height=\"2000\" aria-label=\"\" role=\"img\" ><\/div>\n\t\t\t\t\t\t\t\t\t\t\t<div class=\"elementor-gallery-item__overlay\"><\/div>\n\t\t\t\t\t\t\t\t\t\t\t\t\t\t<\/a>\n\t\t\t\t\t\t\t<a class=\"e-gallery-item elementor-gallery-item elementor-animated-content\" href=\"https:\/\/frutasyhortalizas.es\/wp-content\/uploads\/2026\/03\/128-scaled.jpg\" data-elementor-open-lightbox=\"yes\" data-elementor-lightbox-slideshow=\"d309a8d\" data-elementor-lightbox-title=\"128\" data-e-action-hash=\"#elementor-action%3Aaction%3Dlightbox%26settings%3DeyJpZCI6MjYxLCJ1cmwiOiJodHRwczpcL1wvZnJ1dGFzeWhvcnRhbGl6YXMuZXNcL3dwLWNvbnRlbnRcL3VwbG9hZHNcLzIwMjZcLzAzXC8xMjgtc2NhbGVkLmpwZyIsInNsaWRlc2hvdyI6ImQzMDlhOGQifQ%3D%3D\">\n\t\t\t\t\t<div class=\"e-gallery-image elementor-gallery-item__image\" data-thumbnail=\"https:\/\/frutasyhortalizas.es\/wp-content\/uploads\/2026\/03\/128-scaled.jpg\" data-width=\"1920\" data-height=\"2560\" aria-label=\"\" role=\"img\" ><\/div>\n\t\t\t\t\t\t\t\t\t\t\t<div class=\"elementor-gallery-item__overlay\"><\/div>\n\t\t\t\t\t\t\t\t\t\t\t\t\t\t<\/a>\n\t\t\t\t\t\t\t<a class=\"e-gallery-item elementor-gallery-item elementor-animated-content\" href=\"https:\/\/frutasyhortalizas.es\/wp-content\/uploads\/2026\/03\/129-scaled.jpg\" data-elementor-open-lightbox=\"yes\" data-elementor-lightbox-slideshow=\"d309a8d\" data-elementor-lightbox-title=\"129\" data-e-action-hash=\"#elementor-action%3Aaction%3Dlightbox%26settings%3DeyJpZCI6MjYyLCJ1cmwiOiJodHRwczpcL1wvZnJ1dGFzeWhvcnRhbGl6YXMuZXNcL3dwLWNvbnRlbnRcL3VwbG9hZHNcLzIwMjZcLzAzXC8xMjktc2NhbGVkLmpwZyIsInNsaWRlc2hvdyI6ImQzMDlhOGQifQ%3D%3D\">\n\t\t\t\t\t<div class=\"e-gallery-image elementor-gallery-item__image\" data-thumbnail=\"https:\/\/frutasyhortalizas.es\/wp-content\/uploads\/2026\/03\/129-scaled.jpg\" data-width=\"2560\" data-height=\"1920\" aria-label=\"\" role=\"img\" ><\/div>\n\t\t\t\t\t\t\t\t\t\t\t<div class=\"elementor-gallery-item__overlay\"><\/div>\n\t\t\t\t\t\t\t\t\t\t\t\t\t\t<\/a>\n\t\t\t\t\t\t\t<a class=\"e-gallery-item elementor-gallery-item elementor-animated-content\" href=\"https:\/\/frutasyhortalizas.es\/wp-content\/uploads\/2026\/03\/1210-scaled.jpg\" data-elementor-open-lightbox=\"yes\" data-elementor-lightbox-slideshow=\"d309a8d\" data-elementor-lightbox-title=\"1210\" data-e-action-hash=\"#elementor-action%3Aaction%3Dlightbox%26settings%3DeyJpZCI6MjYzLCJ1cmwiOiJodHRwczpcL1wvZnJ1dGFzeWhvcnRhbGl6YXMuZXNcL3dwLWNvbnRlbnRcL3VwbG9hZHNcLzIwMjZcLzAzXC8xMjEwLXNjYWxlZC5qcGciLCJzbGlkZXNob3ciOiJkMzA5YThkIn0%3D\">\n\t\t\t\t\t<div class=\"e-gallery-image elementor-gallery-item__image\" data-thumbnail=\"https:\/\/frutasyhortalizas.es\/wp-content\/uploads\/2026\/03\/1210-scaled.jpg\" data-width=\"2560\" data-height=\"1920\" aria-label=\"\" role=\"img\" ><\/div>\n\t\t\t\t\t\t\t\t\t\t\t<div class=\"elementor-gallery-item__overlay\"><\/div>\n\t\t\t\t\t\t\t\t\t\t\t\t\t\t<\/a>\n\t\t\t\t\t<\/div>\n\t\t\t\t\t<\/div>\n\t\t\t\t\t<\/div>\n\t\t\t\t<\/div>\n\t\t<div class=\"elementor-element elementor-element-bbcf3db e-flex e-con-boxed e-con e-parent\" data-id=\"bbcf3db\" data-element_type=\"container\" data-e-type=\"container\" data-settings=\"{&quot;background_background&quot;:&quot;classic&quot;,&quot;shape_divider_top&quot;:&quot;curve&quot;}\">\n\t\t\t\t\t<div class=\"e-con-inner\">\n\t\t\t\t<div class=\"elementor-shape elementor-shape-top\" aria-hidden=\"true\" data-negative=\"false\">\n\t\t\t<svg xmlns=\"http:\/\/www.w3.org\/2000\/svg\" viewbox=\"0 0 1000 100\" preserveaspectratio=\"none\">\n    <path class=\"elementor-shape-fill\" d=\"M1000,4.3V0H0v4.3C0.9,23.1,126.7,99.2,500,100S1000,22.7,1000,4.3z\"\/>\n<\/svg>\t\t<\/div>\n\t\t<div class=\"elementor-element elementor-element-9d70f72 e-con-full e-flex e-con e-child\" data-id=\"9d70f72\" data-element_type=\"container\" data-e-type=\"container\" data-settings=\"{&quot;background_background&quot;:&quot;classic&quot;}\">\n\t\t\t\t<div class=\"elementor-element elementor-element-2d23241 elementor-widget elementor-widget-heading\" data-id=\"2d23241\" data-element_type=\"widget\" data-e-type=\"widget\" data-widget_type=\"heading.default\">\n\t\t\t\t\t<h2 class=\"elementor-heading-title elementor-size-default\">Ezagutu gure produktu freskoak<\/h2>\t\t\t\t<\/div>\n\t\t\t\t<div class=\"elementor-element elementor-element-6c75b5b elementor-align-center elementor-invisible elementor-widget elementor-widget-button\" data-id=\"6c75b5b\" data-element_type=\"widget\" data-e-type=\"widget\" data-settings=\"{&quot;_animation&quot;:&quot;fadeInDown&quot;}\" data-widget_type=\"button.default\">\n\t\t\t\t\t\t\t\t\t\t<a class=\"elementor-button elementor-button-link elementor-size-sm\" href=\"\/eu\/servicios\/\">\n\t\t\t\t\t\t<span class=\"elementor-button-content-wrapper\">\n\t\t\t\t\t\t\t\t\t<span class=\"elementor-button-text\">Produktuak ikusi<\/span>\n\t\t\t\t\t<\/span>\n\t\t\t\t\t<\/a>\n\t\t\t\t\t\t\t\t<\/div>\n\t\t\t\t<\/div>\n\t\t\t\t\t<\/div>\n\t\t\t\t<\/div>\n\t\t\t\t<\/div>","protected":false},"excerpt":{"rendered":"<p>Sobre nosotros Somos una empresa dedicada al suministro de productos frescos para bares y restaurantes, seleccionados directamente en Mercabilbao, en Basauri. Trabajamos cada d\u00eda con el objetivo de garantizar calidad, cercan\u00eda y rapidez en el servicio, cuidando especialmente la selecci\u00f3n de nuestros productos desde el origen hasta su entrega. Del mercado a tu mesa con [&hellip;]<\/p>\n","protected":false},"author":1,"featured_media":0,"parent":0,"menu_order":0,"comment_status":"closed","ping_status":"closed","template":"elementor_canvas","meta":{"footnotes":""},"class_list":["post-10","page","type-page","status-publish","hentry"],"yoast_head":"<!-- This site is optimized with the Yoast SEO plugin v27.3 - https:\/\/yoast.com\/product\/yoast-seo-wordpress\/ -->\n<title>Inicio - Hermanos Sanchez<\/title>\n<meta name=\"robots\" content=\"index, follow, max-snippet:-1, max-image-preview:large, max-video-preview:-1\" \/>\n<link rel=\"canonical\" href=\"https:\/\/frutasyhortalizas.es\/eu\/\" \/>\n<meta property=\"og:locale\" content=\"en_US\" \/>\n<meta property=\"og:type\" content=\"article\" \/>\n<meta property=\"og:title\" content=\"Inicio - Hermanos Sanchez\" \/>\n<meta property=\"og:description\" content=\"Sobre nosotros Somos una empresa dedicada al suministro de productos frescos para bares y restaurantes, seleccionados directamente en Mercabilbao, en Basauri. Trabajamos cada d\u00eda con el objetivo de garantizar calidad, cercan\u00eda y rapidez en el servicio, cuidando especialmente la selecci\u00f3n de nuestros productos desde el origen hasta su entrega. Del mercado a tu mesa con [&hellip;]\" \/>\n<meta property=\"og:url\" content=\"https:\/\/frutasyhortalizas.es\/eu\/\" \/>\n<meta property=\"og:site_name\" content=\"Hermanos Sanchez\" \/>\n<meta property=\"article:modified_time\" content=\"2026-03-30T09:54:30+00:00\" \/>\n<meta property=\"og:image\" content=\"https:\/\/frutasyhortalizas.es\/wp-content\/uploads\/2026\/03\/122.jpeg\" \/>\n<meta name=\"twitter:card\" content=\"summary_large_image\" \/>\n<meta name=\"twitter:label1\" content=\"Est. reading time\" \/>\n\t<meta name=\"twitter:data1\" content=\"1 minutua\" \/>\n<script type=\"application\/ld+json\" class=\"yoast-schema-graph\">{\"@context\":\"https:\\\/\\\/schema.org\",\"@graph\":[{\"@type\":\"WebPage\",\"@id\":\"https:\\\/\\\/frutasyhortalizas.es\\\/\",\"url\":\"https:\\\/\\\/frutasyhortalizas.es\\\/\",\"name\":\"Inicio - Hermanos Sanchez\",\"isPartOf\":{\"@id\":\"https:\\\/\\\/frutasyhortalizas.es\\\/#website\"},\"primaryImageOfPage\":{\"@id\":\"https:\\\/\\\/frutasyhortalizas.es\\\/#primaryimage\"},\"image\":{\"@id\":\"https:\\\/\\\/frutasyhortalizas.es\\\/#primaryimage\"},\"thumbnailUrl\":\"https:\\\/\\\/frutasyhortalizas.es\\\/wp-content\\\/uploads\\\/2026\\\/03\\\/122.jpeg\",\"datePublished\":\"2026-03-20T15:20:24+00:00\",\"dateModified\":\"2026-03-30T09:54:30+00:00\",\"breadcrumb\":{\"@id\":\"https:\\\/\\\/frutasyhortalizas.es\\\/#breadcrumb\"},\"inLanguage\":\"eu\",\"potentialAction\":[{\"@type\":\"ReadAction\",\"target\":[\"https:\\\/\\\/frutasyhortalizas.es\\\/\"]}]},{\"@type\":\"ImageObject\",\"inLanguage\":\"eu\",\"@id\":\"https:\\\/\\\/frutasyhortalizas.es\\\/#primaryimage\",\"url\":\"https:\\\/\\\/frutasyhortalizas.es\\\/wp-content\\\/uploads\\\/2026\\\/03\\\/122.jpeg\",\"contentUrl\":\"https:\\\/\\\/frutasyhortalizas.es\\\/wp-content\\\/uploads\\\/2026\\\/03\\\/122.jpeg\"},{\"@type\":\"BreadcrumbList\",\"@id\":\"https:\\\/\\\/frutasyhortalizas.es\\\/#breadcrumb\",\"itemListElement\":[{\"@type\":\"ListItem\",\"position\":1,\"name\":\"Portada\",\"item\":\"https:\\\/\\\/frutasyhortalizas.es\\\/\"},{\"@type\":\"ListItem\",\"position\":2,\"name\":\"Inicio\"}]},{\"@type\":\"WebSite\",\"@id\":\"https:\\\/\\\/frutasyhortalizas.es\\\/#website\",\"url\":\"https:\\\/\\\/frutasyhortalizas.es\\\/\",\"name\":\"Hermanos Sanchez\",\"description\":\"HUEVOS, VERDURAS Y HORTALIZAS\",\"potentialAction\":[{\"@type\":\"SearchAction\",\"target\":{\"@type\":\"EntryPoint\",\"urlTemplate\":\"https:\\\/\\\/frutasyhortalizas.es\\\/?s={search_term_string}\"},\"query-input\":{\"@type\":\"PropertyValueSpecification\",\"valueRequired\":true,\"valueName\":\"search_term_string\"}}],\"inLanguage\":\"eu\"}]}<\/script>\n<!-- \/ Yoast SEO plugin. -->","yoast_head_json":{"title":"Inicio - Hermanos Sanchez","robots":{"index":"index","follow":"follow","max-snippet":"max-snippet:-1","max-image-preview":"max-image-preview:large","max-video-preview":"max-video-preview:-1"},"canonical":"https:\/\/frutasyhortalizas.es\/eu\/","og_locale":"en_US","og_type":"article","og_title":"Inicio - Hermanos Sanchez","og_description":"Sobre nosotros Somos una empresa dedicada al suministro de productos frescos para bares y restaurantes, seleccionados directamente en Mercabilbao, en Basauri. Trabajamos cada d\u00eda con el objetivo de garantizar calidad, cercan\u00eda y rapidez en el servicio, cuidando especialmente la selecci\u00f3n de nuestros productos desde el origen hasta su entrega. Del mercado a tu mesa con [&hellip;]","og_url":"https:\/\/frutasyhortalizas.es\/eu\/","og_site_name":"Hermanos Sanchez","article_modified_time":"2026-03-30T09:54:30+00:00","og_image":[{"url":"https:\/\/frutasyhortalizas.es\/wp-content\/uploads\/2026\/03\/122.jpeg","type":"","width":"","height":""}],"twitter_card":"summary_large_image","twitter_misc":{"Est. reading time":"1 minutua"},"schema":{"@context":"https:\/\/schema.org","@graph":[{"@type":"WebPage","@id":"https:\/\/frutasyhortalizas.es\/","url":"https:\/\/frutasyhortalizas.es\/","name":"Inicio - Hermanos Sanchez","isPartOf":{"@id":"https:\/\/frutasyhortalizas.es\/#website"},"primaryImageOfPage":{"@id":"https:\/\/frutasyhortalizas.es\/#primaryimage"},"image":{"@id":"https:\/\/frutasyhortalizas.es\/#primaryimage"},"thumbnailUrl":"https:\/\/frutasyhortalizas.es\/wp-content\/uploads\/2026\/03\/122.jpeg","datePublished":"2026-03-20T15:20:24+00:00","dateModified":"2026-03-30T09:54:30+00:00","breadcrumb":{"@id":"https:\/\/frutasyhortalizas.es\/#breadcrumb"},"inLanguage":"eu","potentialAction":[{"@type":"ReadAction","target":["https:\/\/frutasyhortalizas.es\/"]}]},{"@type":"ImageObject","inLanguage":"eu","@id":"https:\/\/frutasyhortalizas.es\/#primaryimage","url":"https:\/\/frutasyhortalizas.es\/wp-content\/uploads\/2026\/03\/122.jpeg","contentUrl":"https:\/\/frutasyhortalizas.es\/wp-content\/uploads\/2026\/03\/122.jpeg"},{"@type":"BreadcrumbList","@id":"https:\/\/frutasyhortalizas.es\/#breadcrumb","itemListElement":[{"@type":"ListItem","position":1,"name":"Portada","item":"https:\/\/frutasyhortalizas.es\/"},{"@type":"ListItem","position":2,"name":"Inicio"}]},{"@type":"WebSite","@id":"https:\/\/frutasyhortalizas.es\/#website","url":"https:\/\/frutasyhortalizas.es\/","name":"Hermanos Sanchez","description":"HUEVOS, VERDURAS Y HORTALIZAS","potentialAction":[{"@type":"SearchAction","target":{"@type":"EntryPoint","urlTemplate":"https:\/\/frutasyhortalizas.es\/?s={search_term_string}"},"query-input":{"@type":"PropertyValueSpecification","valueRequired":true,"valueName":"search_term_string"}}],"inLanguage":"eu"}]}},"_links":{"self":[{"href":"https:\/\/frutasyhortalizas.es\/eu\/wp-json\/wp\/v2\/pages\/10","targetHints":{"allow":["GET"]}}],"collection":[{"href":"https:\/\/frutasyhortalizas.es\/eu\/wp-json\/wp\/v2\/pages"}],"about":[{"href":"https:\/\/frutasyhortalizas.es\/eu\/wp-json\/wp\/v2\/types\/page"}],"author":[{"embeddable":true,"href":"https:\/\/frutasyhortalizas.es\/eu\/wp-json\/wp\/v2\/users\/1"}],"replies":[{"embeddable":true,"href":"https:\/\/frutasyhortalizas.es\/eu\/wp-json\/wp\/v2\/comments?post=10"}],"version-history":[{"count":40,"href":"https:\/\/frutasyhortalizas.es\/eu\/wp-json\/wp\/v2\/pages\/10\/revisions"}],"predecessor-version":[{"id":279,"href":"https:\/\/frutasyhortalizas.es\/eu\/wp-json\/wp\/v2\/pages\/10\/revisions\/279"}],"wp:attachment":[{"href":"https:\/\/frutasyhortalizas.es\/eu\/wp-json\/wp\/v2\/media?parent=10"}],"curies":[{"name":"wp","href":"https:\/\/api.w.org\/{rel}","templated":true}]}}