{"id":14,"date":"2026-03-20T15:26:07","date_gmt":"2026-03-20T15:26:07","guid":{"rendered":"https:\/\/hermanossanchez.rkinformatika.online\/?page_id=14"},"modified":"2026-03-30T14:08:53","modified_gmt":"2026-03-30T14:08:53","slug":"contacto","status":"publish","type":"page","link":"https:\/\/frutasyhortalizas.es\/eu\/contacto\/","title":{"rendered":"Kontaktua"},"content":{"rendered":"\t\t<div data-elementor-type=\"wp-page\" data-elementor-id=\"14\" class=\"elementor elementor-14\" data-elementor-post-type=\"page\">\n\t\t\t\t<div class=\"elementor-element elementor-element-7a9359f e-flex e-con-boxed e-con e-parent\" data-id=\"7a9359f\" data-element_type=\"container\" data-e-type=\"container\" data-settings=\"{&quot;background_background&quot;:&quot;gradient&quot;}\">\n\t\t\t\t\t<div class=\"e-con-inner\">\n\t\t<div class=\"elementor-element elementor-element-4d04a89 e-con-full e-flex e-con e-child\" data-id=\"4d04a89\" data-element_type=\"container\" data-e-type=\"container\">\n\t\t\t\t<div class=\"elementor-element elementor-element-3f44b17 elementor-widget elementor-widget-heading\" data-id=\"3f44b17\" data-element_type=\"widget\" data-e-type=\"widget\" data-widget_type=\"heading.default\">\n\t\t\t\t\t<h2 class=\"elementor-heading-title elementor-size-default\">\u00bfTienes alguna consulta?<\/h2>\t\t\t\t<\/div>\n\t\t\t\t<div class=\"elementor-element elementor-element-3c2c5e9 elementor-widget elementor-widget-heading\" data-id=\"3c2c5e9\" data-element_type=\"widget\" data-e-type=\"widget\" data-widget_type=\"heading.default\">\n\t\t\t\t\t<h2 class=\"elementor-heading-title elementor-size-default\">Contacta con nosotros ahora.<\/h2>\t\t\t\t<\/div>\n\t\t\t\t<\/div>\n\t\t<div class=\"elementor-element elementor-element-66ff24a e-con-full e-flex e-con e-child\" data-id=\"66ff24a\" data-element_type=\"container\" data-e-type=\"container\">\n\t\t\t\t<div class=\"elementor-element elementor-element-576a9e4 elementor-widget elementor-widget-image\" data-id=\"576a9e4\" data-element_type=\"widget\" data-e-type=\"widget\" data-widget_type=\"image.default\">\n\t\t\t\t\t\t\t\t\t\t\t\t\t\t\t<img fetchpriority=\"high\" decoding=\"async\" width=\"840\" height=\"1007\" src=\"https:\/\/frutasyhortalizas.es\/wp-content\/uploads\/2026\/03\/1-2-e1774861801842.png\" class=\"attachment-2048x2048 size-2048x2048 wp-image-202\" alt=\"\" srcset=\"https:\/\/frutasyhortalizas.es\/wp-content\/uploads\/2026\/03\/1-2-e1774861801842.png 840w, https:\/\/frutasyhortalizas.es\/wp-content\/uploads\/2026\/03\/1-2-e1774861801842-250x300.png 250w, https:\/\/frutasyhortalizas.es\/wp-content\/uploads\/2026\/03\/1-2-e1774861801842-768x921.png 768w, https:\/\/frutasyhortalizas.es\/wp-content\/uploads\/2026\/03\/1-2-e1774861801842-10x12.png 10w\" sizes=\"(max-width: 840px) 100vw, 840px\" \/>\t\t\t\t\t\t\t\t\t\t\t\t\t\t\t<\/div>\n\t\t\t\t<\/div>\n\t\t\t\t\t<\/div>\n\t\t\t\t<\/div>\n\t\t<div class=\"elementor-element elementor-element-bd21990 e-flex e-con-boxed e-con e-parent\" data-id=\"bd21990\" data-element_type=\"container\" data-e-type=\"container\">\n\t\t\t\t\t<div class=\"e-con-inner\">\n\t\t<div class=\"elementor-element elementor-element-5770761 e-con-full e-flex e-con e-child\" data-id=\"5770761\" data-element_type=\"container\" data-e-type=\"container\" data-settings=\"{&quot;background_background&quot;:&quot;classic&quot;}\">\n\t\t\t\t<div class=\"elementor-element elementor-element-af8e468 elementor-widget elementor-widget-heading\" data-id=\"af8e468\" data-element_type=\"widget\" data-e-type=\"widget\" data-widget_type=\"heading.default\">\n\t\t\t\t\t<h2 class=\"elementor-heading-title elementor-size-default\">\u00a1Cont\u00e1ctanos!<\/h2>\t\t\t\t<\/div>\n\t\t\t\t<div class=\"elementor-element elementor-element-ac2424a elementor-widget elementor-widget-text-editor\" data-id=\"ac2424a\" data-element_type=\"widget\" data-e-type=\"widget\" data-widget_type=\"text-editor.default\">\n\t\t\t\t\t\t\t\t\t<p>Completa el formulario y te contactaremos muy pronto.<\/p>\t\t\t\t\t\t\t\t<\/div>\n\t\t\t\t<div class=\"elementor-element elementor-element-41ade48 elementor-button-align-start elementor-widget__width-initial elementor-widget elementor-widget-form\" data-id=\"41ade48\" data-element_type=\"widget\" data-e-type=\"widget\" data-settings=\"{&quot;button_width&quot;:&quot;50&quot;,&quot;step_next_label&quot;:&quot;Next&quot;,&quot;step_previous_label&quot;:&quot;Previous&quot;,&quot;step_type&quot;:&quot;number_text&quot;,&quot;step_icon_shape&quot;:&quot;circle&quot;}\" data-widget_type=\"form.default\">\n\t\t\t\t\t\t\t<form class=\"elementor-form\" method=\"post\" name=\"Contacto ContactoPage\" aria-label=\"Contacto ContactoPage\">\n\t\t\t<input type=\"hidden\" name=\"post_id\" value=\"14\"\/>\n\t\t\t<input type=\"hidden\" name=\"form_id\" value=\"41ade48\"\/>\n\t\t\t<input type=\"hidden\" name=\"referer_title\" value=\"Contacto - Hermanos Sanchez\" \/>\n\n\t\t\t\t\t\t\t<input type=\"hidden\" name=\"queried_id\" value=\"14\"\/>\n\t\t\t\n\t\t\t<div class=\"elementor-form-fields-wrapper elementor-labels-\">\n\t\t\t\t\t\t\t\t<div class=\"elementor-field-type-text elementor-field-group elementor-column elementor-field-group-name elementor-col-100 elementor-field-required\">\n\t\t\t\t\t\t\t\t\t\t\t\t<label for=\"form-field-name\" class=\"elementor-field-label elementor-screen-only\">\n\t\t\t\t\t\t\t\tName\t\t\t\t\t\t\t<\/label>\n\t\t\t\t\t\t\t\t\t\t\t\t\t\t<input size=\"1\" type=\"text\" name=\"form_fields[name]\" id=\"form-field-name\" class=\"elementor-field elementor-size-sm  elementor-field-textual\" placeholder=\"Nombre\" required=\"required\">\n\t\t\t\t\t\t\t\t\t\t\t<\/div>\n\t\t\t\t\t\t\t\t<div class=\"elementor-field-type-email elementor-field-group elementor-column elementor-field-group-email elementor-col-33 elementor-field-required\">\n\t\t\t\t\t\t\t\t\t\t\t\t<label for=\"form-field-email\" class=\"elementor-field-label elementor-screen-only\">\n\t\t\t\t\t\t\t\tEmail\t\t\t\t\t\t\t<\/label>\n\t\t\t\t\t\t\t\t\t\t\t\t\t\t<input size=\"1\" type=\"email\" name=\"form_fields[email]\" id=\"form-field-email\" class=\"elementor-field elementor-size-sm  elementor-field-textual\" placeholder=\"Email\" required=\"required\">\n\t\t\t\t\t\t\t\t\t\t\t<\/div>\n\t\t\t\t\t\t\t\t<div class=\"elementor-field-type-tel elementor-field-group elementor-column elementor-field-group-movil elementor-col-33 elementor-field-required\">\n\t\t\t\t\t\t\t\t\t\t\t\t<label for=\"form-field-movil\" class=\"elementor-field-label elementor-screen-only\">\n\t\t\t\t\t\t\t\tM\u00f3vil\t\t\t\t\t\t\t<\/label>\n\t\t\t\t\t\t\t\t<input size=\"1\" type=\"tel\" name=\"form_fields[movil]\" id=\"form-field-movil\" class=\"elementor-field elementor-size-sm  elementor-field-textual\" placeholder=\"M\u00f3vil\" required=\"required\" pattern=\"[0-9()#&amp;+*-=.]+\" title=\"Solo se aceptan n\u00fameros y caracteres de tel\u00e9fono (#,-,*,etc).\">\n\n\t\t\t\t\t\t<\/div>\n\t\t\t\t\t\t\t\t<div class=\"elementor-field-type-text elementor-field-group elementor-column elementor-field-group-field_176c31e elementor-col-33 elementor-field-required\">\n\t\t\t\t\t\t\t\t\t\t\t\t<label for=\"form-field-field_176c31e\" class=\"elementor-field-label elementor-screen-only\">\n\t\t\t\t\t\t\t\tTema\t\t\t\t\t\t\t<\/label>\n\t\t\t\t\t\t\t\t\t\t\t\t\t\t<input size=\"1\" type=\"text\" name=\"form_fields[field_176c31e]\" id=\"form-field-field_176c31e\" class=\"elementor-field elementor-size-sm  elementor-field-textual\" placeholder=\"Tema\" required=\"required\">\n\t\t\t\t\t\t\t\t\t\t\t<\/div>\n\t\t\t\t\t\t\t\t<div class=\"elementor-field-type-textarea elementor-field-group elementor-column elementor-field-group-field_5d08d9b elementor-col-100 elementor-field-required\">\n\t\t\t\t\t\t\t\t\t\t\t\t<label for=\"form-field-field_5d08d9b\" class=\"elementor-field-label elementor-screen-only\">\n\t\t\t\t\t\t\t\tMensaje\t\t\t\t\t\t\t<\/label>\n\t\t\t\t\t\t<textarea class=\"elementor-field-textual elementor-field  elementor-size-sm\" name=\"form_fields[field_5d08d9b]\" id=\"form-field-field_5d08d9b\" rows=\"4\" placeholder=\"Mensaje\" required=\"required\"><\/textarea>\t\t\t\t<\/div>\n\t\t\t\t\t\t\t\t<div class=\"elementor-field-type-checkbox elementor-field-group elementor-column elementor-field-group-field_5de6374 elementor-col-100\">\n\t\t\t\t\t\t\t\t\t\t\t\t<label for=\"form-field-field_5de6374\" class=\"elementor-field-label elementor-screen-only\">\n\t\t\t\t\t\t\t\tHe Le\u00eddo \t\t\t\t\t\t\t<\/label>\n\t\t\t\t\t\t<div class=\"elementor-field-subgroup  \"><span class=\"elementor-field-option\"><input type=\"checkbox\" value=\"He le\u00eddo y acepto la Politica de Privacidad\" id=\"form-field-field_5de6374-0\" name=\"form_fields[field_5de6374]\"> <label for=\"form-field-field_5de6374-0\">He le\u00eddo y acepto la Politica de Privacidad<\/label><\/span><\/div>\t\t\t\t<\/div>\n\t\t\t\t\t\t\t\t<div class=\"elementor-field-type-html elementor-field-group elementor-column elementor-field-group-field_3c2297f elementor-col-100\">\n\t\t\t\t\t<a href=\"\/politicas-de-cookies\"\n   onclick=\"window.open(this.href,'privacidad','width=800,height=600'); return false;\"\n   style=\"text-decoration: none;\">\nVer Pol\u00edtica de Privacidad\n<\/a>\t\t\t\t<\/div>\n\t\t\t\t\t\t\t\t<div class=\"elementor-field-type-recaptcha_v3 elementor-field-group elementor-column elementor-field-group-field_9e00c78 elementor-col-100 recaptcha_v3-bottomright\">\n\t\t\t\t\t<div class=\"elementor-field\" id=\"form-field-field_9e00c78\"><div class=\"elementor-g-recaptcha\" data-sitekey=\"6LcHOKssAAAAAAI9Sva-stC-Es7R573Ev4wuKVRk\" data-type=\"v3\" data-action=\"Form\" data-badge=\"bottomright\" data-size=\"invisible\"><\/div><\/div>\t\t\t\t<\/div>\n\t\t\t\t\t\t\t\t<div class=\"elementor-field-group elementor-column elementor-field-type-submit elementor-col-50 e-form__buttons\">\n\t\t\t\t\t<button class=\"elementor-button elementor-size-sm\" type=\"submit\">\n\t\t\t\t\t\t<span class=\"elementor-button-content-wrapper\">\n\t\t\t\t\t\t\t\t\t\t\t\t\t\t\t<span class=\"elementor-button-icon\">\n\t\t\t\t\t\t\t\t\t<svg aria-hidden=\"true\" class=\"e-font-icon-svg e-fas-paper-plane\" viewBox=\"0 0 512 512\" xmlns=\"http:\/\/www.w3.org\/2000\/svg\"><path d=\"M476 3.2L12.5 270.6c-18.1 10.4-15.8 35.6 2.2 43.2L121 358.4l287.3-253.2c5.5-4.9 13.3 2.6 8.6 8.3L176 407v80.5c0 23.6 28.5 32.9 42.5 15.8L282 426l124.6 52.2c14.2 6 30.4-2.9 33-18.2l72-432C515 7.8 493.3-6.8 476 3.2z\"><\/path><\/svg>\t\t\t\t\t\t\t\t\t\t\t\t\t\t\t\t\t<\/span>\n\t\t\t\t\t\t\t\t\t\t\t\t\t\t\t\t\t\t\t\t\t\t<span class=\"elementor-button-text\">Enviar<\/span>\n\t\t\t\t\t\t\t\t\t\t\t\t\t<\/span>\n\t\t\t\t\t<\/button>\n\t\t\t\t<\/div>\n\t\t\t<\/div>\n\t\t<\/form>\n\t\t\t\t\t\t<\/div>\n\t\t\t\t<\/div>\n\t\t<div class=\"elementor-element elementor-element-67311b1 e-con-full e-flex e-con e-child\" data-id=\"67311b1\" data-element_type=\"container\" data-e-type=\"container\" data-settings=\"{&quot;background_background&quot;:&quot;classic&quot;}\">\n\t\t\t\t<div class=\"elementor-element elementor-element-7604d4a elementor-widget__width-inherit elementor-widget elementor-widget-heading\" data-id=\"7604d4a\" data-element_type=\"widget\" data-e-type=\"widget\" data-widget_type=\"heading.default\">\n\t\t\t\t\t<h2 class=\"elementor-heading-title elementor-size-default\">Informaci\u00f3n General<\/h2>\t\t\t\t<\/div>\n\t\t\t\t<div class=\"elementor-element elementor-element-630084e elementor-widget__width-inherit elementor-widget elementor-widget-heading\" data-id=\"630084e\" data-element_type=\"widget\" data-e-type=\"widget\" data-widget_type=\"heading.default\">\n\t\t\t\t\t<h2 class=\"elementor-heading-title elementor-size-default\">Tel\u00e9fono<\/h2>\t\t\t\t<\/div>\n\t\t\t\t<div class=\"elementor-element elementor-element-1a30861 elementor-widget elementor-widget-heading\" data-id=\"1a30861\" data-element_type=\"widget\" data-e-type=\"widget\" data-widget_type=\"heading.default\">\n\t\t\t\t\t<h2 class=\"elementor-heading-title elementor-size-default\">+34 670 375 434<\/h2>\t\t\t\t<\/div>\n\t\t\t\t<div class=\"elementor-element elementor-element-33d0a89 elementor-widget-divider--view-line elementor-widget elementor-widget-divider\" data-id=\"33d0a89\" data-element_type=\"widget\" data-e-type=\"widget\" data-widget_type=\"divider.default\">\n\t\t\t\t\t\t\t<div class=\"elementor-divider\">\n\t\t\t<span class=\"elementor-divider-separator\">\n\t\t\t\t\t\t<\/span>\n\t\t<\/div>\n\t\t\t\t\t\t<\/div>\n\t\t\t\t<div class=\"elementor-element elementor-element-6b6bf88 elementor-widget__width-inherit elementor-widget elementor-widget-heading\" data-id=\"6b6bf88\" data-element_type=\"widget\" data-e-type=\"widget\" data-widget_type=\"heading.default\">\n\t\t\t\t\t<h2 class=\"elementor-heading-title elementor-size-default\">Email<\/h2>\t\t\t\t<\/div>\n\t\t\t\t<div class=\"elementor-element elementor-element-0cff02a elementor-widget elementor-widget-heading\" data-id=\"0cff02a\" data-element_type=\"widget\" data-e-type=\"widget\" data-widget_type=\"heading.default\">\n\t\t\t\t\t<h2 class=\"elementor-heading-title elementor-size-default\">antoniosanchez249@gmail.com<\/h2>\t\t\t\t<\/div>\n\t\t\t\t<div class=\"elementor-element elementor-element-21416c8 elementor-widget-divider--view-line elementor-widget elementor-widget-divider\" data-id=\"21416c8\" data-element_type=\"widget\" data-e-type=\"widget\" data-widget_type=\"divider.default\">\n\t\t\t\t\t\t\t<div class=\"elementor-divider\">\n\t\t\t<span class=\"elementor-divider-separator\">\n\t\t\t\t\t\t<\/span>\n\t\t<\/div>\n\t\t\t\t\t\t<\/div>\n\t\t\t\t<div class=\"elementor-element elementor-element-1e9b726 elementor-widget__width-inherit elementor-widget elementor-widget-heading\" data-id=\"1e9b726\" data-element_type=\"widget\" data-e-type=\"widget\" data-widget_type=\"heading.default\">\n\t\t\t\t\t<h2 class=\"elementor-heading-title elementor-size-default\">Direcci\u00f3n<\/h2>\t\t\t\t<\/div>\n\t\t\t\t<div class=\"elementor-element elementor-element-4f4800e elementor-widget elementor-widget-heading\" data-id=\"4f4800e\" data-element_type=\"widget\" data-e-type=\"widget\" data-widget_type=\"heading.default\">\n\t\t\t\t\t<h2 class=\"elementor-heading-title elementor-size-default\">Mestikabaso Kalea, 32, 48300 Gernika-Lumo, Bizkaia<\/h2>\t\t\t\t<\/div>\n\t\t\t\t<div class=\"elementor-element elementor-element-11558db elementor-widget-divider--view-line elementor-widget elementor-widget-divider\" data-id=\"11558db\" data-element_type=\"widget\" data-e-type=\"widget\" data-widget_type=\"divider.default\">\n\t\t\t\t\t\t\t<div class=\"elementor-divider\">\n\t\t\t<span class=\"elementor-divider-separator\">\n\t\t\t\t\t\t<\/span>\n\t\t<\/div>\n\t\t\t\t\t\t<\/div>\n\t\t\t\t<div class=\"elementor-element elementor-element-a6b2a32 elementor-widget__width-inherit elementor-widget elementor-widget-heading\" data-id=\"a6b2a32\" data-element_type=\"widget\" data-e-type=\"widget\" data-widget_type=\"heading.default\">\n\t\t\t\t\t<h2 class=\"elementor-heading-title elementor-size-default\">Horario<\/h2>\t\t\t\t<\/div>\n\t\t\t\t<div class=\"elementor-element elementor-element-8821f27 elementor-widget elementor-widget-heading\" data-id=\"8821f27\" data-element_type=\"widget\" data-e-type=\"widget\" data-widget_type=\"heading.default\">\n\t\t\t\t\t<h2 class=\"elementor-heading-title elementor-size-default\">Lunes a Viernes: 7:00 - 15:00<\/h2>\t\t\t\t<\/div>\n\t\t\t\t<\/div>\n\t\t\t\t\t<\/div>\n\t\t\t\t<\/div>\n\t\t<div class=\"elementor-element elementor-element-f37edbb e-flex e-con-boxed e-con e-parent\" data-id=\"f37edbb\" data-element_type=\"container\" data-e-type=\"container\">\n\t\t\t\t\t<div class=\"e-con-inner\">\n\t\t\t\t<div class=\"elementor-element elementor-element-544a405 elementor-widget elementor-widget-google_maps\" data-id=\"544a405\" data-element_type=\"widget\" data-e-type=\"widget\" data-widget_type=\"google_maps.default\">\n\t\t\t\t\t\t\t<div class=\"elementor-custom-embed\">\n\t\t\t<iframe loading=\"lazy\"\n\t\t\t\t\tsrc=\"https:\/\/maps.google.com\/maps?q=Mestikabaso%20Kalea%2C%2032%2C%2048300%20Gernika-Lumo%2C%20Bizkaia&#038;t=m&#038;z=12&#038;output=embed&#038;iwloc=near\"\n\t\t\t\t\ttitle=\"Mestikabaso Kalea, 32, 48300 Gernika-Lumo, Bizkaia\"\n\t\t\t\t\taria-label=\"Mestikabaso Kalea, 32, 48300 Gernika-Lumo, Bizkaia\"\n\t\t\t><\/iframe>\n\t\t<\/div>\n\t\t\t\t\t\t<\/div>\n\t\t\t\t\t<\/div>\n\t\t\t\t<\/div>\n\t\t\t\t<\/div>\n\t\t","protected":false},"excerpt":{"rendered":"<p>\u00bfTienes alguna consulta? Contacta con nosotros ahora. \u00a1Cont\u00e1ctanos! Completa el formulario y te contactaremos muy pronto. Informaci\u00f3n General Tel\u00e9fono +34 670 375 434 Email antoniosanchez249@gmail.com Direcci\u00f3n Mestikabaso Kalea, 32, 48300 Gernika-Lumo, Bizkaia Horario Lunes a Viernes: 7:00 &#8211; 15:00<\/p>","protected":false},"author":1,"featured_media":0,"parent":0,"menu_order":0,"comment_status":"closed","ping_status":"closed","template":"elementor_canvas","meta":{"footnotes":""},"class_list":["post-14","page","type-page","status-publish","hentry"],"yoast_head":"<!-- This site is optimized with the Yoast SEO plugin v27.3 - https:\/\/yoast.com\/product\/yoast-seo-wordpress\/ -->\n<title>Contacto - Hermanos Sanchez<\/title>\n<meta name=\"robots\" content=\"index, follow, max-snippet:-1, max-image-preview:large, max-video-preview:-1\" \/>\n<link rel=\"canonical\" href=\"https:\/\/frutasyhortalizas.es\/eu\/contacto\/\" \/>\n<meta property=\"og:locale\" content=\"en_US\" \/>\n<meta property=\"og:type\" content=\"article\" \/>\n<meta property=\"og:title\" content=\"Contacto - Hermanos Sanchez\" \/>\n<meta property=\"og:description\" content=\"\u00bfTienes alguna consulta? Contacta con nosotros ahora. \u00a1Cont\u00e1ctanos! Completa el formulario y te contactaremos muy pronto. Informaci\u00f3n General Tel\u00e9fono +34 670 375 434 Email antoniosanchez249@gmail.com Direcci\u00f3n Mestikabaso Kalea, 32, 48300 Gernika-Lumo, Bizkaia Horario Lunes a Viernes: 7:00 &#8211; 15:00\" \/>\n<meta property=\"og:url\" content=\"https:\/\/frutasyhortalizas.es\/eu\/contacto\/\" \/>\n<meta property=\"og:site_name\" content=\"Hermanos Sanchez\" \/>\n<meta property=\"article:modified_time\" content=\"2026-03-30T14:08:53+00:00\" \/>\n<meta property=\"og:image\" content=\"https:\/\/frutasyhortalizas.es\/wp-content\/uploads\/2026\/03\/1-2-e1774861801842.png\" \/>\n<meta name=\"twitter:card\" content=\"summary_large_image\" \/>\n<meta name=\"twitter:label1\" content=\"Est. reading time\" \/>\n\t<meta name=\"twitter:data1\" content=\"1 minutua\" \/>\n<script type=\"application\/ld+json\" class=\"yoast-schema-graph\">{\"@context\":\"https:\\\/\\\/schema.org\",\"@graph\":[{\"@type\":\"WebPage\",\"@id\":\"https:\\\/\\\/frutasyhortalizas.es\\\/contacto\\\/\",\"url\":\"https:\\\/\\\/frutasyhortalizas.es\\\/contacto\\\/\",\"name\":\"Contacto - Hermanos Sanchez\",\"isPartOf\":{\"@id\":\"https:\\\/\\\/frutasyhortalizas.es\\\/#website\"},\"primaryImageOfPage\":{\"@id\":\"https:\\\/\\\/frutasyhortalizas.es\\\/contacto\\\/#primaryimage\"},\"image\":{\"@id\":\"https:\\\/\\\/frutasyhortalizas.es\\\/contacto\\\/#primaryimage\"},\"thumbnailUrl\":\"https:\\\/\\\/frutasyhortalizas.es\\\/wp-content\\\/uploads\\\/2026\\\/03\\\/1-2-e1774861801842.png\",\"datePublished\":\"2026-03-20T15:26:07+00:00\",\"dateModified\":\"2026-03-30T14:08:53+00:00\",\"breadcrumb\":{\"@id\":\"https:\\\/\\\/frutasyhortalizas.es\\\/contacto\\\/#breadcrumb\"},\"inLanguage\":\"eu\",\"potentialAction\":[{\"@type\":\"ReadAction\",\"target\":[\"https:\\\/\\\/frutasyhortalizas.es\\\/contacto\\\/\"]}]},{\"@type\":\"ImageObject\",\"inLanguage\":\"eu\",\"@id\":\"https:\\\/\\\/frutasyhortalizas.es\\\/contacto\\\/#primaryimage\",\"url\":\"https:\\\/\\\/frutasyhortalizas.es\\\/wp-content\\\/uploads\\\/2026\\\/03\\\/1-2-e1774861801842.png\",\"contentUrl\":\"https:\\\/\\\/frutasyhortalizas.es\\\/wp-content\\\/uploads\\\/2026\\\/03\\\/1-2-e1774861801842.png\"},{\"@type\":\"BreadcrumbList\",\"@id\":\"https:\\\/\\\/frutasyhortalizas.es\\\/contacto\\\/#breadcrumb\",\"itemListElement\":[{\"@type\":\"ListItem\",\"position\":1,\"name\":\"Portada\",\"item\":\"https:\\\/\\\/frutasyhortalizas.es\\\/\"},{\"@type\":\"ListItem\",\"position\":2,\"name\":\"Contacto\"}]},{\"@type\":\"WebSite\",\"@id\":\"https:\\\/\\\/frutasyhortalizas.es\\\/#website\",\"url\":\"https:\\\/\\\/frutasyhortalizas.es\\\/\",\"name\":\"Hermanos Sanchez\",\"description\":\"HUEVOS, VERDURAS Y HORTALIZAS\",\"potentialAction\":[{\"@type\":\"SearchAction\",\"target\":{\"@type\":\"EntryPoint\",\"urlTemplate\":\"https:\\\/\\\/frutasyhortalizas.es\\\/?s={search_term_string}\"},\"query-input\":{\"@type\":\"PropertyValueSpecification\",\"valueRequired\":true,\"valueName\":\"search_term_string\"}}],\"inLanguage\":\"eu\"}]}<\/script>\n<!-- \/ Yoast SEO plugin. -->","yoast_head_json":{"title":"Contacto - Hermanos Sanchez","robots":{"index":"index","follow":"follow","max-snippet":"max-snippet:-1","max-image-preview":"max-image-preview:large","max-video-preview":"max-video-preview:-1"},"canonical":"https:\/\/frutasyhortalizas.es\/eu\/contacto\/","og_locale":"en_US","og_type":"article","og_title":"Contacto - Hermanos Sanchez","og_description":"\u00bfTienes alguna consulta? Contacta con nosotros ahora. \u00a1Cont\u00e1ctanos! Completa el formulario y te contactaremos muy pronto. Informaci\u00f3n General Tel\u00e9fono +34 670 375 434 Email antoniosanchez249@gmail.com Direcci\u00f3n Mestikabaso Kalea, 32, 48300 Gernika-Lumo, Bizkaia Horario Lunes a Viernes: 7:00 &#8211; 15:00","og_url":"https:\/\/frutasyhortalizas.es\/eu\/contacto\/","og_site_name":"Hermanos Sanchez","article_modified_time":"2026-03-30T14:08:53+00:00","og_image":[{"url":"https:\/\/frutasyhortalizas.es\/wp-content\/uploads\/2026\/03\/1-2-e1774861801842.png","type":"","width":"","height":""}],"twitter_card":"summary_large_image","twitter_misc":{"Est. reading time":"1 minutua"},"schema":{"@context":"https:\/\/schema.org","@graph":[{"@type":"WebPage","@id":"https:\/\/frutasyhortalizas.es\/contacto\/","url":"https:\/\/frutasyhortalizas.es\/contacto\/","name":"Contacto - Hermanos Sanchez","isPartOf":{"@id":"https:\/\/frutasyhortalizas.es\/#website"},"primaryImageOfPage":{"@id":"https:\/\/frutasyhortalizas.es\/contacto\/#primaryimage"},"image":{"@id":"https:\/\/frutasyhortalizas.es\/contacto\/#primaryimage"},"thumbnailUrl":"https:\/\/frutasyhortalizas.es\/wp-content\/uploads\/2026\/03\/1-2-e1774861801842.png","datePublished":"2026-03-20T15:26:07+00:00","dateModified":"2026-03-30T14:08:53+00:00","breadcrumb":{"@id":"https:\/\/frutasyhortalizas.es\/contacto\/#breadcrumb"},"inLanguage":"eu","potentialAction":[{"@type":"ReadAction","target":["https:\/\/frutasyhortalizas.es\/contacto\/"]}]},{"@type":"ImageObject","inLanguage":"eu","@id":"https:\/\/frutasyhortalizas.es\/contacto\/#primaryimage","url":"https:\/\/frutasyhortalizas.es\/wp-content\/uploads\/2026\/03\/1-2-e1774861801842.png","contentUrl":"https:\/\/frutasyhortalizas.es\/wp-content\/uploads\/2026\/03\/1-2-e1774861801842.png"},{"@type":"BreadcrumbList","@id":"https:\/\/frutasyhortalizas.es\/contacto\/#breadcrumb","itemListElement":[{"@type":"ListItem","position":1,"name":"Portada","item":"https:\/\/frutasyhortalizas.es\/"},{"@type":"ListItem","position":2,"name":"Contacto"}]},{"@type":"WebSite","@id":"https:\/\/frutasyhortalizas.es\/#website","url":"https:\/\/frutasyhortalizas.es\/","name":"Hermanos Sanchez","description":"HUEVOS, VERDURAS Y HORTALIZAS","potentialAction":[{"@type":"SearchAction","target":{"@type":"EntryPoint","urlTemplate":"https:\/\/frutasyhortalizas.es\/?s={search_term_string}"},"query-input":{"@type":"PropertyValueSpecification","valueRequired":true,"valueName":"search_term_string"}}],"inLanguage":"eu"}]}},"_links":{"self":[{"href":"https:\/\/frutasyhortalizas.es\/eu\/wp-json\/wp\/v2\/pages\/14","targetHints":{"allow":["GET"]}}],"collection":[{"href":"https:\/\/frutasyhortalizas.es\/eu\/wp-json\/wp\/v2\/pages"}],"about":[{"href":"https:\/\/frutasyhortalizas.es\/eu\/wp-json\/wp\/v2\/types\/page"}],"author":[{"embeddable":true,"href":"https:\/\/frutasyhortalizas.es\/eu\/wp-json\/wp\/v2\/users\/1"}],"replies":[{"embeddable":true,"href":"https:\/\/frutasyhortalizas.es\/eu\/wp-json\/wp\/v2\/comments?post=14"}],"version-history":[{"count":70,"href":"https:\/\/frutasyhortalizas.es\/eu\/wp-json\/wp\/v2\/pages\/14\/revisions"}],"predecessor-version":[{"id":335,"href":"https:\/\/frutasyhortalizas.es\/eu\/wp-json\/wp\/v2\/pages\/14\/revisions\/335"}],"wp:attachment":[{"href":"https:\/\/frutasyhortalizas.es\/eu\/wp-json\/wp\/v2\/media?parent=14"}],"curies":[{"name":"wp","href":"https:\/\/api.w.org\/{rel}","templated":true}]}}